{"id":15,"date":"2016-06-26T15:58:05","date_gmt":"2016-06-26T14:58:05","guid":{"rendered":"http:\/\/apper.fr\/?page_id=15"},"modified":"2017-03-29T09:30:28","modified_gmt":"2017-03-29T08:30:28","slug":"lassociation","status":"publish","type":"page","link":"https:\/\/apper.fr\/","title":{"rendered":"L&rsquo;association"},"content":{"rendered":"<p style=\"text-align: justify;\"><img loading=\"lazy\" class=\"aligncenter wp-image-363 size-full\" src=\"http:\/\/apper.fr\/wp-content\/uploads\/2017\/02\/champs.jpg\" alt=\"champs\" width=\"5760\" height=\"3840\" srcset=\"https:\/\/apper.fr\/wp-content\/uploads\/2017\/02\/champs.jpg 5760w, https:\/\/apper.fr\/wp-content\/uploads\/2017\/02\/champs-300x200.jpg 300w, https:\/\/apper.fr\/wp-content\/uploads\/2017\/02\/champs-768x512.jpg 768w, https:\/\/apper.fr\/wp-content\/uploads\/2017\/02\/champs-1024x683.jpg 1024w, https:\/\/apper.fr\/wp-content\/uploads\/2017\/02\/champs-450x300.jpg 450w\" sizes=\"(max-width: 5760px) 100vw, 5760px\" \/><\/p>\n<p style=\"text-align: justify;\">Cr\u00e9\u00e9e en f\u00e9vrier 2013, l&rsquo;Association pour la Protection du Patrimoine et de l&rsquo;Ecologie \u00e0 la R\u00e9union articulent ses actions autour de 3 axes majeurs : la formation, l&rsquo;accompagnement et le soutien scolaire. Les activit\u00e9s principales de l&rsquo;APPER sont d&rsquo;informer, de sensibiliser et de former la soci\u00e9t\u00e9 civile aux savoir-faire locaux et ancestraux par le biais de conf\u00e9rences, de r\u00e9unions de concertation, d&rsquo;ateliers participatifs et de chantiers solidaires. Ces diff\u00e9rents outils permettent aux participants d&rsquo;\u00eatre actifs et d&rsquo;apprendre en \u00ab\u00a0pratiquant\u00a0\u00bb avec les membres de l&rsquo;association. Les \u00e9v\u00e9nements sont ponctu\u00e9s de temps de convivialit\u00e9 et de repas partag\u00e9s permettant la d\u00e9couverte de produits du terroir, de fabrications artisanales tels que les bi\u00e8res, les jus de fruits, les tisanes, les g\u00e2teaux de tubercules.<\/p>\n<p style=\"text-align: justify;\">Les activit\u00e9s secondaires de l&rsquo;APPER se distinguent en deux secteurs : l&rsquo;accompagnement des associations ou des PME porteuses de projets patrimoniaux et\/ou \u00e9cologiques. Et le soutien scolaire, qui comprend l&rsquo;aide individualis\u00e9e aux devoirs ou \u00e0 la pr\u00e9paration de concours (entr\u00e9e \u00e0 l&rsquo;\u00e9cole d&rsquo;infirmi\u00e8re, \u00e9cole de kin\u00e9 etc&#8230;).<\/p>\n<p style=\"text-align: justify;\">Dans chacune de ses actions, l&rsquo;APPER s&rsquo;appuie sur les comp\u00e9tences de son \u00e9quipe en agronomie, zootechnie, et les savoirs faire des habitants. Les diff\u00e9rents outils \u00e9labor\u00e9s pour la transmission des savoirs et les ateliers de participation sont inspir\u00e9s de l&rsquo;\u00e9ducation populaire.<\/p>\n<hr \/>\n<h3 style=\"text-align: justify;\"><span style=\"color: #003300;\"><strong>Le PATRIMOINE, un concept pr\u00e9pond\u00e9rant de l&rsquo;APPER<\/strong><\/span><\/h3>\n<hr \/>\n<p style=\"text-align: justify;\">Combien de r\u00e9unionnais savent que la paille de chouchou (ou paille d&rsquo;Italie) servait \u00e0 la confection de chapeau haut de gamme export\u00e9s en Europe? Saviez-vous que nos \u00ab\u00a0gramouns\u00a0\u00bb, autrement dit nos anciens, fabriquaient de la bi\u00e8re avec des plantes end\u00e9miques?<\/p>\n<p style=\"text-align: justify;\">Les savoirs \u00ab\u00a0lontan\u00a0\u00bb ou d&rsquo;autrefois s&rsquo;oublient. Pourtant, aujourd&rsquo;hui, les principes d&rsquo;architecture bioclimatique ou \u00e9cologique s&rsquo;inspirent des techniques et mat\u00e9riaux ancestraux. En effet, le v\u00e9tyver, les feuilles de palmier, les plumes de canards, les pierres taill\u00e9es sont de plus en plus r\u00e9utilis\u00e9s dans nos habitations. En agriculture, plusieurs techniques tomb\u00e9es en d\u00e9su\u00e9tude sont reprises par les permaculteurs adh\u00e9rents \u00e0 l&rsquo;APPER. Jour apr\u00e8s jour, ceux-ci tentent de mettre en pratique des pr\u00e9ceptes plein de sagesse mis de c\u00f4t\u00e9 par une agriculture modernis\u00e9e.<\/p>\n<p style=\"text-align: justify;\">L&rsquo;Association pour la Protection du Patrimoine et de l&rsquo;Ecologie \u00e0 la R\u00e9union accorde beaucoup de valeur \u00e0 la notion de \u00ab\u00a0patrimoine\u00a0\u00bb.<\/p>\n<p style=\"text-align: justify;\">Celui-ci se d\u00e9cline sous une pluralit\u00e9 de formes. Il est aussi bien culturel, historique, naturel, artisanal, qu&rsquo;architectural. Une grande partie de nos activit\u00e9s porte sur l&rsquo;environnement (la nature, l&rsquo;\u00e9levage, l&rsquo;agriculture biologique). En effet, nos membres y sont profond\u00e9ment attach\u00e9s.<\/p>\n<p style=\"text-align: justify;\">Nous souhaitons agir au quotidien dans le respect de notre plan\u00e8te et de l&rsquo;humain. Notre territoire d&rsquo;action est bien entendu notre \u00eele, reconnue au patrimoine mondial de l&rsquo;UNESCO, en raison de sa biodiverdit\u00e9 humaine, animale et v\u00e9g\u00e9tale. La relation entre les habitants et la nature est omnipr\u00e9sente, et fait partie int\u00e9grante de notre culture cr\u00e9ole.<\/p>\n<hr \/>\n<h3 style=\"text-align: justify;\"><span style=\"color: #003300;\"><strong>L&rsquo;APPER a un objectif global, celui de renforcer l&rsquo;identit\u00e9 r\u00e9unionnaise<\/strong><\/span><\/h3>\n<hr \/>\n<p style=\"text-align: justify;\">L&rsquo;association cherche donc :<\/p>\n<ul>\n<li style=\"text-align: justify;\">\u00e0 favoriser la mise en r\u00e9seau des initiatives locales, alternatives et innovantes.<\/li>\n<li style=\"text-align: justify;\">\u00e0 renforcer les liens entre les organismes du tissu associatif local<\/li>\n<li style=\"text-align: justify;\">\u00e0 op\u00e9rer des changements \u00e0 petite \u00e9chelle, en faveur d&rsquo;une soci\u00e9t\u00e9 r\u00e9unionnaise \u00e9cologique, profond\u00e9ment humaine et \u00e9galitaire envers les hommes, les femmes, et les diverses cultures enchev\u00eatr\u00e9es qui ont fa\u00e7onn\u00e9 notre soci\u00e9t\u00e9 actuelle.<\/li>\n<\/ul>\n<p style=\"text-align: justify;\">Dans cet objectif d&rsquo;action et d&rsquo;engagement, l&rsquo;APPER concentre ses activit\u00e9s sur la transmission des savoir-faire locaux.<\/p>\n<p style=\"text-align: justify;\">Les domaines d&rsquo;actions de l&rsquo;APPER vari\u00e9s et transversaux, convergent vers une volont\u00e9 de d\u00e9veloppement de notre \u00eele \u00e0 la fois \u00e9conomique, social et \u00e9cologique par des actions individuelles et collectives \u00e0 une \u00e9chelle locale.<\/p>\n<h3 style=\"text-align: center;\"><span style=\"color: #003300;\">[ Le v\u00e9g\u00e9tal ]<\/span><\/h3>\n<p>Le patrimoine v\u00e9g\u00e9tal de l&rsquo;\u00eele est visible \u00e0 tout instant, en tout lieu. Urbains ou ruraux, les paysages offrent une diversit\u00e9 floristique dont il nous faut conna\u00eetre davantage les potentialit\u00e9s. Cette flore sauvage et domestique exceptionnelle se doit d&rsquo;\u00eatre respect\u00e9e et pr\u00e9serv\u00e9e.<\/p>\n<h3 style=\"text-align: center;\"><span style=\"color: #003300;\">[ L&rsquo;animal ]<\/span><\/h3>\n<p>Sauvage ou domestique, la faune tient une place privil\u00e9gi\u00e9e dans la soci\u00e9t\u00e9 r\u00e9unionnaise. Le \u00ab\u00a0parc boeuf\u00a0\u00bb, le \u00ab\u00a0parc cabri\u00a0\u00bb et le \u00ab\u00a0parc poule\u00a0\u00bb sont inscrits dans notre quotidien. L&rsquo;\u00e9levage \u00ab\u00a0lacour\u00a0\u00bb \u00e0 petite et moyenne \u00e9chelle fait partie de la culture cr\u00e9ole. Les races locales et les syst\u00e8mes locaux de production doivent aujourd&rsquo;hui \u00eatre valoris\u00e9s.<\/p>\n<h3 style=\"text-align: center;\"><span style=\"color: #003300;\">[ L&rsquo;habitat ]<\/span><\/h3>\n<p>Les maisons cr\u00e9oles sont aussi h\u00e9t\u00e9roclites que la population r\u00e9unionnaise. L&rsquo;architecture, les techniques et les mat\u00e9riaux de construction ont \u00e9volu\u00e9 simultan\u00e9ment avec la modernisation de l&rsquo;\u00eele. De nombreux savoir-faire et mat\u00e9riaux locaux autrefois utilis\u00e9s t\u00e9moignaient d&rsquo;un g\u00e9nie du lieu.<\/p>\n<h3 style=\"text-align: center;\"><span style=\"color: #003300;\">[ L&rsquo;agriculture ]<\/span><\/h3>\n<p>Les membres et les adh\u00e9rents de l&rsquo;APPER sont pour beaucoup, des agriculteurs bio, des permaculteurs, des mara\u00eechers qui tentent de renouer avec des valeurs environnementales et \u00e9thiques. A travers nos activit\u00e9s, nous souhaitons faire conna\u00eetre au plus grand nombre les l\u00e9gumes oubli\u00e9s, les plantes m\u00e9dicinales insulaires, les techniques agricoles utilis\u00e9es par nos anc\u00eatres, les m\u00e9thodes \u00e9cologiques et raisonn\u00e9es.<\/p>\n<h3 style=\"text-align: center;\"><span style=\"color: #003300;\">[ L&rsquo;artisanat ]<\/span><\/h3>\n<p>La richesse de la faune et de la flore de notre \u00eele, ainsi que sa richesse min\u00e9rale sont \u00e0 l&rsquo;origine d&rsquo;une diversit\u00e9 d&rsquo;activit\u00e9s artisanales : tailleur de pierre, brodeuse, tresseur de vacoa\/choca\/v\u00e9tyver, maroquinier, forgeron, tisanier. Ces activit\u00e9s artisanales tendent \u00e0 dispara\u00eetre. La transmission des techniques et des gestes ancestraux permet la sauvegarde de notre patrimoine culturel.<\/p>\n<h3 style=\"text-align: center;\"><span style=\"color: #003300;\">[ L&rsquo;histoire ]<\/span><\/h3>\n<p style=\"text-align: justify;\">Passionn\u00e9s par notre culture et notre environnement, nous cherchons chaque jour \u00e0 comprendre nos racines, \u00e0 retrouver nos savoirs anciens li\u00e9s \u00e0 la nature et aux productions biologiques. Par cons\u00e9quent, une grande partie de nos travaux s&rsquo;oriente vers la collecte de m\u00e9moire aupr\u00e8s de nos \u00ab\u00a0gramouns\u00a0\u00bb, la recherche des traces historiques et la documentation. Pour sensibiliser et transmettre \u00e0 la soci\u00e9t\u00e9 civile, nous explorons notre histoire.<\/p>\n<hr \/>\n<h3 style=\"text-align: justify;\"><span style=\"color: #003300;\">L&rsquo;exploitation agricole et le troupeau sauvegarde de cabris p\u00e9\u00ef<\/span><\/h3>\n<hr \/>\n<p><iframe loading=\"lazy\" width=\"474\" height=\"267\" src=\"https:\/\/www.youtube.com\/embed\/KtgPFnFrMYg?start=41&#038;feature=oembed\" frameborder=\"0\" allowfullscreen><\/iframe><\/p>\n<p style=\"text-align: justify;\">Les nombreux projets de l&rsquo;APPER prennent corps, pour la plupart, sur l&rsquo;exploitation agricole de Madame Dolaine FONTAINE et de Monsieur Max FONTAINE. Cette ferme se situe au :<\/p>\n<p style=\"text-align: justify;\"><a href=\"http:\/\/maps.google.com\/maps?z=16&amp;q=53+chemin+leopold+lebon+manapany+les+hauts+97429+petite+ile\" target=\"_blank\">53 Chemin Leopold Lebon<br \/>\nManapany Les Hauts<br \/>\n97429 Petite Ile<\/a><\/p>\n<p style=\"text-align: justify;\">Pour plus d&rsquo;information concernant l&rsquo;exploitation agricole, vous pouvez visiter le site internet qui lui est d\u00e9di\u00e9 :<\/p>\n<p><a href=\"https:\/\/fermemahavel.wordpress.com\/\">Bienvenue \u00e0 zot<\/a><\/p>\n<p>&nbsp;<\/p>\n","protected":false},"excerpt":{"rendered":"<p>Cr\u00e9\u00e9e en f\u00e9vrier 2013, l&rsquo;Association pour la Protection du Patrimoine et de l&rsquo;Ecologie \u00e0 la R\u00e9union articulent ses actions autour de 3 axes majeurs : la formation, l&rsquo;accompagnement et le soutien scolaire. Les activit\u00e9s principales de l&rsquo;APPER sont d&rsquo;informer, de sensibiliser et de former la soci\u00e9t\u00e9 civile aux savoir-faire locaux et ancestraux par le biais &hellip; <a href=\"https:\/\/apper.fr\/\" class=\"more-link\">Continuer la lecture de <span class=\"screen-reader-text\">L&rsquo;association<\/span> <span class=\"meta-nav\">&rarr;<\/span><\/a><\/p>\n","protected":false},"author":1,"featured_media":0,"parent":0,"menu_order":0,"comment_status":"closed","ping_status":"closed","template":"","meta":[],"_links":{"self":[{"href":"https:\/\/apper.fr\/index.php?rest_route=\/wp\/v2\/pages\/15"}],"collection":[{"href":"https:\/\/apper.fr\/index.php?rest_route=\/wp\/v2\/pages"}],"about":[{"href":"https:\/\/apper.fr\/index.php?rest_route=\/wp\/v2\/types\/page"}],"author":[{"embeddable":true,"href":"https:\/\/apper.fr\/index.php?rest_route=\/wp\/v2\/users\/1"}],"replies":[{"embeddable":true,"href":"https:\/\/apper.fr\/index.php?rest_route=%2Fwp%2Fv2%2Fcomments&post=15"}],"version-history":[{"count":12,"href":"https:\/\/apper.fr\/index.php?rest_route=\/wp\/v2\/pages\/15\/revisions"}],"predecessor-version":[{"id":516,"href":"https:\/\/apper.fr\/index.php?rest_route=\/wp\/v2\/pages\/15\/revisions\/516"}],"wp:attachment":[{"href":"https:\/\/apper.fr\/index.php?rest_route=%2Fwp%2Fv2%2Fmedia&parent=15"}],"curies":[{"name":"wp","href":"https:\/\/api.w.org\/{rel}","templated":true}]}}