{"id":19,"date":"2016-06-26T16:00:53","date_gmt":"2016-06-26T15:00:53","guid":{"rendered":"http:\/\/apper.fr\/?page_id=19"},"modified":"2017-03-25T16:29:37","modified_gmt":"2017-03-25T15:29:37","slug":"nos-missions","status":"publish","type":"page","link":"https:\/\/apper.fr\/?page_id=19","title":{"rendered":"Nos missions"},"content":{"rendered":"<h3><span style=\"color: #003300;\">\u00a0<strong>Sensibilisation et formation de la soci\u00e9t\u00e9 civile<\/strong><\/span><\/h3>\n<hr \/>\n<p style=\"text-align: justify;\"><span style=\"color: #ff0000;\">[ Artisanat \/ Patrimoine \/ Agriculture biologique \/ Savoir-faire ]<\/span><\/p>\n<p style=\"text-align: justify;\">Dans l&rsquo;optique de sauvegarder et de transmettre les savoir-faire cr\u00e9oles, l&rsquo;APPER organise des journ\u00e9es de formation. Les th\u00e9matiques sont vari\u00e9es : les utilisations du v\u00e9tyver, le tressage des diverses pailles de la R\u00e9union, la distillation par alambic, la fabrication de farine d&rsquo;arrow-root, la permaculture et l&rsquo;agriculture biologique, la culture des plantes m\u00e9dicinales locales. Ces ateliers prennent la forme de chantier partipatif. Lors des formations, la transmission de savoirs et de savoir-faire s&rsquo;effectue par le biais de rencontres, d&rsquo;\u00e9changes, de discussions lors des moments de convivialit\u00e9 entre membres de l&rsquo;APPER, adh\u00e9rents et n\u00e9ophytes. L&rsquo;APPER souhaite faciliter l&rsquo;apprentissage de chaque individu par l&rsquo;action. C&rsquo;est pourquoi, l&rsquo;association opte pour des chantiers solidaires, des repas partag\u00e9s, des temps de concertation entre participants.<\/p>\n<h3><span style=\"color: #003300;\">Accompagnement des associations et des PME<\/span><\/h3>\n<hr \/>\n<p style=\"text-align: justify;\"><span style=\"color: #ff0000;\">[ Accompagnement \/ Projets \/ \u00a0R\u00e9seau \/ D\u00e9veloppement local ]<\/span><\/p>\n<p style=\"text-align: justify;\">Les projets valorisants le patrimoine culturel, architectural et \u00e9cologique de l&rsquo;\u00eele de la R\u00e9union sont nombreux. Dans l&rsquo;optique de travailler en r\u00e9seau, solidaire des autres acteurs de la soci\u00e9t\u00e9 civile, l&rsquo;APPER souhaite apporter un soutien aux jeunes associations, aux entrepreneurs, aux agriculteurs bio, aux permaculteurs, aux artisans. Les probl\u00e9matiques de l&rsquo;\u00eele sont diverses. Les petites actions doivent \u00eatre accompagn\u00e9es et corr\u00e9l\u00e9es \u00e0 une strat\u00e9gie de d\u00e9veloppement global. Dans ce cadre, l&rsquo;APPER apporte son aide et accompagne les porteurs de projets dans leurs d\u00e9marches.<\/p>\n<p style=\"text-align: justify;\">L&rsquo;APPER a\u00a0accompagn\u00e9 les porteurs de projet de l&rsquo;AMAP\u00e9\u00ef Mahavel lors de la cr\u00e9ation de cette structure. Vous pouvez retrouver les informations li\u00e9es \u00e0 l&rsquo;AMAP\u00e9\u00ef et \u00e0 la vente gr\u00e2ce au lien suivant :<\/p>\n<p><a href=\"https:\/\/app.cagette.net\/group\/488\">https:\/\/app.cagette.net\/group\/488<\/a><\/p>\n<p>&nbsp;<\/p>\n<h3><span style=\"color: #003300;\">Soutien scolaire, pr\u00e9paration aux concours, aide individualis\u00e9e<\/span><\/h3>\n<hr \/>\n<p style=\"text-align: justify;\"><span style=\"color: #ff0000;\">[ Apprentissage \/ Cours particuliers \/ Suivi personnalis\u00e9 ]<\/span><\/p>\n<p style=\"text-align: justify;\">L&rsquo;APPER s\u2019inscrit \u00e9galement dans des actions d&rsquo;aide individualis\u00e9e pour les enfants et les jeunes en difficult\u00e9 scolaire, notamment en math\u00e9matiques, physique, chimie et biologie. Afin de lutter contre l&rsquo;illettrisme et les in\u00e9galit\u00e9s d&rsquo;apprentissage, l&rsquo;association propose \u00e9galement son aide aux adultes pour la pr\u00e9paration de concours (\u00e9cole d&rsquo;infirmi\u00e8re, kin\u00e9sith\u00e9rapie&#8230;).<\/p>\n","protected":false},"excerpt":{"rendered":"<p>\u00a0Sensibilisation et formation de la soci\u00e9t\u00e9 civile [ Artisanat \/ Patrimoine \/ Agriculture biologique \/ Savoir-faire ] Dans l&rsquo;optique de sauvegarder et de transmettre les savoir-faire cr\u00e9oles, l&rsquo;APPER organise des journ\u00e9es de formation. Les th\u00e9matiques sont vari\u00e9es : les utilisations du v\u00e9tyver, le tressage des diverses pailles de la R\u00e9union, la distillation par alambic, la &hellip; <a href=\"https:\/\/apper.fr\/?page_id=19\" class=\"more-link\">Continuer la lecture de <span class=\"screen-reader-text\">Nos missions<\/span> <span class=\"meta-nav\">&rarr;<\/span><\/a><\/p>\n","protected":false},"author":1,"featured_media":0,"parent":0,"menu_order":0,"comment_status":"closed","ping_status":"closed","template":"","meta":[],"_links":{"self":[{"href":"https:\/\/apper.fr\/index.php?rest_route=\/wp\/v2\/pages\/19"}],"collection":[{"href":"https:\/\/apper.fr\/index.php?rest_route=\/wp\/v2\/pages"}],"about":[{"href":"https:\/\/apper.fr\/index.php?rest_route=\/wp\/v2\/types\/page"}],"author":[{"embeddable":true,"href":"https:\/\/apper.fr\/index.php?rest_route=\/wp\/v2\/users\/1"}],"replies":[{"embeddable":true,"href":"https:\/\/apper.fr\/index.php?rest_route=%2Fwp%2Fv2%2Fcomments&post=19"}],"version-history":[{"count":9,"href":"https:\/\/apper.fr\/index.php?rest_route=\/wp\/v2\/pages\/19\/revisions"}],"predecessor-version":[{"id":469,"href":"https:\/\/apper.fr\/index.php?rest_route=\/wp\/v2\/pages\/19\/revisions\/469"}],"wp:attachment":[{"href":"https:\/\/apper.fr\/index.php?rest_route=%2Fwp%2Fv2%2Fmedia&parent=19"}],"curies":[{"name":"wp","href":"https:\/\/api.w.org\/{rel}","templated":true}]}}