{"id":340,"date":"2016-12-02T20:11:14","date_gmt":"2016-12-02T19:11:14","guid":{"rendered":"http:\/\/apper.fr\/?page_id=340"},"modified":"2021-10-25T13:24:46","modified_gmt":"2021-10-25T12:24:46","slug":"contact","status":"publish","type":"page","link":"https:\/\/apper.fr\/?page_id=340","title":{"rendered":"Contact"},"content":{"rendered":"<h3><span style=\"color: #008000;\">Association pour la Promotion du Patrimoine et de l&rsquo;Ecologie \u00e0 la R\u00e9union (APPER)\u00a0<\/span><\/h3>\n<h4><span style=\"text-decoration: underline; color: #333333;\">Pour nous contacter<\/span><\/h4>\n<h6><span style=\"text-decoration: underline;\">Adresse postale<\/span> :<\/h6>\n<pre>n\u00b097, Rue de l'ancienne usine\n\n97 429 Petite \u00cele\n\nIle de la R\u00e9union<\/pre>\n<h6><span style=\"text-decoration: underline;\">T\u00e9l\u00e9phone<\/span> :<\/h6>\n<pre>06-92-60-75-09<\/pre>\n<h6><span style=\"text-decoration: underline;\">Mails<\/span> :<\/h6>\n<pre>appereunion@gmail.com\n\nappercontact@gmail.com<\/pre>\n","protected":false},"excerpt":{"rendered":"<p>Association pour la Promotion du Patrimoine et de l&rsquo;Ecologie \u00e0 la R\u00e9union (APPER)\u00a0 Pour nous contacter Adresse postale : n\u00b097, Rue de l&rsquo;ancienne usine 97 429 Petite \u00cele Ile de la R\u00e9union T\u00e9l\u00e9phone : 06-92-60-75-09 Mails : appereunion@gmail.com appercontact@gmail.com<\/p>\n","protected":false},"author":1,"featured_media":0,"parent":0,"menu_order":0,"comment_status":"closed","ping_status":"closed","template":"","meta":[],"_links":{"self":[{"href":"https:\/\/apper.fr\/index.php?rest_route=\/wp\/v2\/pages\/340"}],"collection":[{"href":"https:\/\/apper.fr\/index.php?rest_route=\/wp\/v2\/pages"}],"about":[{"href":"https:\/\/apper.fr\/index.php?rest_route=\/wp\/v2\/types\/page"}],"author":[{"embeddable":true,"href":"https:\/\/apper.fr\/index.php?rest_route=\/wp\/v2\/users\/1"}],"replies":[{"embeddable":true,"href":"https:\/\/apper.fr\/index.php?rest_route=%2Fwp%2Fv2%2Fcomments&post=340"}],"version-history":[{"count":9,"href":"https:\/\/apper.fr\/index.php?rest_route=\/wp\/v2\/pages\/340\/revisions"}],"predecessor-version":[{"id":659,"href":"https:\/\/apper.fr\/index.php?rest_route=\/wp\/v2\/pages\/340\/revisions\/659"}],"wp:attachment":[{"href":"https:\/\/apper.fr\/index.php?rest_route=%2Fwp%2Fv2%2Fmedia&parent=340"}],"curies":[{"name":"wp","href":"https:\/\/api.w.org\/{rel}","templated":true}]}}