{"id":588,"date":"2019-03-29T12:21:32","date_gmt":"2019-03-29T11:21:32","guid":{"rendered":"http:\/\/apper.fr\/?page_id=588"},"modified":"2020-04-14T09:29:02","modified_gmt":"2020-04-14T08:29:02","slug":"parrainage-cabri-pei","status":"publish","type":"page","link":"https:\/\/apper.fr\/?page_id=588","title":{"rendered":"PARRAINAGE CABRI PEI"},"content":{"rendered":"<p style=\"text-align: justify;\">L&rsquo;Association pour la Promotion du Patrimoine et de l&rsquo;Ecologie \u00e0 l&rsquo;\u00eele de la R\u00e9union vous propose de parrainer une ch\u00e8vre r\u00e9unionnaise.<\/p>\n<p style=\"text-align: justify;\"><img loading=\"lazy\" class=\"alignnone size-full wp-image-592\" src=\"http:\/\/apper.fr\/wp-content\/uploads\/2019\/03\/005.jpg\" alt=\"005\" width=\"3264\" height=\"1836\" srcset=\"https:\/\/apper.fr\/wp-content\/uploads\/2019\/03\/005.jpg 3264w, https:\/\/apper.fr\/wp-content\/uploads\/2019\/03\/005-300x169.jpg 300w, https:\/\/apper.fr\/wp-content\/uploads\/2019\/03\/005-768x432.jpg 768w, https:\/\/apper.fr\/wp-content\/uploads\/2019\/03\/005-1024x576.jpg 1024w\" sizes=\"(max-width: 3264px) 100vw, 3264px\" \/><\/p>\n<p style=\"text-align: justify;\">Le parrainage d&rsquo;un cabri p\u00e9\u00ef permet la sauvegarde de cette race caprine locale et l&rsquo;entretien des individus constituant le troupeau de l&rsquo;APPER. Vos contributions en tant que parrain peuvent financer\u00a0 l&rsquo;alimentation et les soins des animaux.<\/p>\n<p style=\"text-align: justify;\">Pour toute information sur le syst\u00e8me de parrainage du cabri p\u00e9\u00ef, cliquez sur le lien suivant :\u00a0 \u00a0<a href=\"http:\/\/apper.fr\/wp-content\/uploads\/2019\/03\/DOCUMENTATION.pdf\">DOCUMENTATION<\/a><\/p>\n<p style=\"text-align: justify;\">Pour parrainer un cabri p\u00e9\u00ef, vous pouvez t\u00e9l\u00e9charger la brochure en cliquant sur le lien suivant :\u00a0\u00a0<a href=\"http:\/\/apper.fr\/wp-content\/uploads\/2019\/03\/BULLETIN-DE-PARRAINAGE.pdf\">BULLETIN DE PARRAINAGE<\/a><\/p>\n<p style=\"text-align: justify;\">Les photographies des ch\u00e8vres \u00e0 parrainer sont disponibles en cliquant sur le lien suivant :\u00a0\u00a0<a href=\"http:\/\/apper.fr\/wp-content\/uploads\/2019\/03\/PHOTOS.pdf\">PHOTOS<\/a><\/p>\n<p style=\"text-align: justify;\">\n","protected":false},"excerpt":{"rendered":"<p>L&rsquo;Association pour la Promotion du Patrimoine et de l&rsquo;Ecologie \u00e0 l&rsquo;\u00eele de la R\u00e9union vous propose de parrainer une ch\u00e8vre r\u00e9unionnaise. Le parrainage d&rsquo;un cabri p\u00e9\u00ef permet la sauvegarde de cette race caprine locale et l&rsquo;entretien des individus constituant le troupeau de l&rsquo;APPER. Vos contributions en tant que parrain peuvent financer\u00a0 l&rsquo;alimentation et les soins &hellip; <a href=\"https:\/\/apper.fr\/?page_id=588\" class=\"more-link\">Continuer la lecture de <span class=\"screen-reader-text\">PARRAINAGE CABRI PEI<\/span> <span class=\"meta-nav\">&rarr;<\/span><\/a><\/p>\n","protected":false},"author":1,"featured_media":0,"parent":0,"menu_order":0,"comment_status":"closed","ping_status":"closed","template":"","meta":[],"_links":{"self":[{"href":"https:\/\/apper.fr\/index.php?rest_route=\/wp\/v2\/pages\/588"}],"collection":[{"href":"https:\/\/apper.fr\/index.php?rest_route=\/wp\/v2\/pages"}],"about":[{"href":"https:\/\/apper.fr\/index.php?rest_route=\/wp\/v2\/types\/page"}],"author":[{"embeddable":true,"href":"https:\/\/apper.fr\/index.php?rest_route=\/wp\/v2\/users\/1"}],"replies":[{"embeddable":true,"href":"https:\/\/apper.fr\/index.php?rest_route=%2Fwp%2Fv2%2Fcomments&post=588"}],"version-history":[{"count":4,"href":"https:\/\/apper.fr\/index.php?rest_route=\/wp\/v2\/pages\/588\/revisions"}],"predecessor-version":[{"id":626,"href":"https:\/\/apper.fr\/index.php?rest_route=\/wp\/v2\/pages\/588\/revisions\/626"}],"wp:attachment":[{"href":"https:\/\/apper.fr\/index.php?rest_route=%2Fwp%2Fv2%2Fmedia&parent=588"}],"curies":[{"name":"wp","href":"https:\/\/api.w.org\/{rel}","templated":true}]}}